{"id":3274,"date":"2023-10-13T19:45:32","date_gmt":"2023-10-13T17:45:32","guid":{"rendered":"https:\/\/beauty-union.com\/?post_type=product&#038;p=3274"},"modified":"2026-02-22T20:26:54","modified_gmt":"2026-02-22T19:26:54","slug":"gabeczka-beauty-blender","status":"publish","type":"product","link":"https:\/\/beauty-union.com\/pl\/produkt\/gabeczka-beauty-blender\/","title":{"rendered":"G\u0105bka do makija\u017cu Beauty Union Sponge Black"},"content":{"rendered":"<style>.kb-row-layout-id3274_ab1ec0-33 > .kt-row-column-wrap{align-content:start;}:where(.kb-row-layout-id3274_ab1ec0-33 > .kt-row-column-wrap) > .wp-block-kadence-column{justify-content:start;}.kb-row-layout-id3274_ab1ec0-33 > .kt-row-column-wrap{column-gap:80px;row-gap:var(--global-kb-gap-md, 2rem);padding-top:var(--global-kb-spacing-sm, 1.5rem);padding-bottom:var(--global-kb-spacing-sm, 1.5rem);grid-template-columns:minmax(0, 1fr);}.kb-row-layout-id3274_ab1ec0-33 > .kt-row-layout-overlay{opacity:0.30;}@media all and (max-width: 1024px){.kb-row-layout-id3274_ab1ec0-33 > .kt-row-column-wrap{grid-template-columns:minmax(0, 1fr);}}@media all and (max-width: 767px){.kb-row-layout-id3274_ab1ec0-33 > .kt-row-column-wrap{grid-template-columns:minmax(0, 1fr);}}<\/style><div class=\"kb-row-layout-wrap kb-row-layout-id3274_ab1ec0-33 alignnone wp-block-kadence-rowlayout\"><div class=\"kt-row-column-wrap kt-has-1-columns kt-row-layout-equal kt-tab-layout-inherit kt-mobile-layout-row kt-row-valign-top\">\n<style>.kadence-column3274_7a0416-c0 > .kt-inside-inner-col,.kadence-column3274_7a0416-c0 > .kt-inside-inner-col:before{border-top-left-radius:0px;border-top-right-radius:0px;border-bottom-right-radius:0px;border-bottom-left-radius:0px;}.kadence-column3274_7a0416-c0 > .kt-inside-inner-col:before{opacity:0.3;}.kadence-column3274_7a0416-c0{position:relative;}<\/style>\n<div class=\"wp-block-kadence-column kadence-column3274_7a0416-c0 inner-column-1\"><div class=\"kt-inside-inner-col\">\n<p>Odpowiednio spr\u0119\u017cysta i mi\u0119kka <strong>g\u0105bka do makija\u017cu<\/strong>, kt\u00f3ra pozwala na r\u00f3wne rozprowadzenie produkt\u00f3w, bez pozostawiania smug i plam. Czarna g\u0105bka do makija\u017cu Beauty Union Sponge Black idealnie nadaje si\u0119 do nak\u0142adania podk\u0142adu, korektora, a tak\u017ce produkt\u00f3w kremowych, takich jak r\u00f3\u017c czy bronzer w kremie oraz produkt\u00f3w sypkich np. puder utrwalaj\u0105cy. Dzi\u0119ki uniwersalnemu kszta\u0142towi g\u0105beczki precyzyjnie na\u0142o\u017cysz kosmetyk nawet w okolicy pod oczami lub przy nosie. G\u0105beczka nie wch\u0142ania nadmiernej ilo\u015bci podk\u0142adu, wi\u0119c nie musisz martwi\u0107 si\u0119 o niepotrzebne marnowanie kosmetyku. Przed u\u017cyciem g\u0105beczk\u0119 nale\u017cy namoczy\u0107, a nast\u0119pnie ods\u0105czy\u0107 z nadmiaru wody.<\/p>\n\n\n\n<p>Beauty Union to <a href=\"\/pl\/\">sklep z kosmetykami<\/a>, kt\u00f3ry oferuje r\u00f3wnie\u017c inne produkty wysokiej jako\u015bci. G\u0105bka do makija\u017cu Beauty Union Sponge Black <strong> \u015bwietnie wsp\u00f3\u0142gra z <\/strong>puszkami do makija\u017cu Lux Powder Puffs f i zestawem p\u0119dzli do kreski\/eyelinera &#8211; Precision Trio &#8211; tworz\u0105c zestaw idealny do aplikacji ka\u017cdego typu produkt\u00f3w makija\u017cu. <\/p>\n<\/div><\/div>\n\n<\/div><\/div>","protected":false},"excerpt":{"rendered":"<p>Odpowiednio spr\u0119\u017cysta i mi\u0119kka <strong>g\u0105bka do makija\u017cu<\/strong>, kt\u00f3ra pozwala na r\u00f3wne rozprowadzenie produkt\u00f3w, bez pozostawiania smug i plam. <span lang=\"EN-US\">G\u0105bka do makija\u017cu Beauty Union Sponge Black <\/span>idealnie nadaje si\u0119 do nak\u0142adania podk\u0142adu, korektora, a tak\u017ce produkt\u00f3w kremowych, takich jak r\u00f3\u017c czy bronzer w kremie oraz produkt\u00f3w sypkich np. puder utrwalaj\u0105cy.<\/p>\n","protected":false},"featured_media":3280,"template":"","meta":{"_kad_blocks_custom_css":"\n.swiper-button-next, .swiper-button-prev {\n  color: #6c0e68;\n}\n\n@media only screen and (max-width: 767px) {\n  li div.product-details.content-bg.entry-content-wrap {\n  padding: 0 7.5px 16px 7.5px!important;\n}\n}\n@media only screen and (min-width: 768px) {\n  li div.product-details.content-bg.entry-content-wrap {\n    padding: 16px 16px 24px 16px!important;\n  }\n}","_kad_blocks_head_custom_js":"","_kad_blocks_body_custom_js":"","_kad_blocks_footer_custom_js":"","_kad_post_transparent":"","_kad_post_title":"","_kad_post_layout":"","_kad_post_sidebar_id":"","_kad_post_content_style":"","_kad_post_vertical_padding":"","_kad_post_feature":"","_kad_post_feature_position":"","_kad_post_header":false,"_kad_post_footer":false},"product_cat":[46],"product_tag":[50,53],"class_list":["post-3274","product","type-product","status-publish","has-post-thumbnail","hentry","product_cat-twarz","product_tag-gabeczka-do-podkladu","product_tag-sponge-for-makeup","entry","content-bg","loop-entry"],"acf":[],"yoast_head":"<!-- This site is optimized with the Yoast SEO plugin v19.14 - https:\/\/yoast.com\/wordpress\/plugins\/seo\/ -->\n<title>G\u0105beczka - Beauty Blender - Makija\u017c Twarzy - Beauty-Union<\/title>\n<meta name=\"description\" content=\"Beauty Blender\u2714\ufe0f W naszym sklepie znajdziesz akcesoria do makija\u017cu, beauty blender do nak\u0142adaniu podk\u0142adu\u2714\ufe0fKorzystna cena \u2714\ufe0fMakija\u017c twarzy \u2b50 Sprawd\u017a nasz\u0105 ofert\u0119!\" \/>\n<meta name=\"robots\" content=\"index, follow, max-snippet:-1, max-image-preview:large, max-video-preview:-1\" \/>\n<link rel=\"canonical\" href=\"https:\/\/beauty-union.com\/pl\/produkt\/gabeczka-beauty-blender\/\" \/>\n<meta property=\"og:locale\" content=\"pl_PL\" \/>\n<meta property=\"og:type\" content=\"article\" \/>\n<meta property=\"og:title\" content=\"G\u0105beczka - Beauty Blender - Makija\u017c Twarzy - Beauty-Union\" \/>\n<meta property=\"og:description\" content=\"Beauty Blender\u2714\ufe0f W naszym sklepie znajdziesz akcesoria do makija\u017cu, beauty blender do nak\u0142adaniu podk\u0142adu\u2714\ufe0fKorzystna cena \u2714\ufe0fMakija\u017c twarzy \u2b50 Sprawd\u017a nasz\u0105 ofert\u0119!\" \/>\n<meta property=\"og:url\" content=\"https:\/\/beauty-union.com\/pl\/produkt\/gabeczka-beauty-blender\/\" \/>\n<meta property=\"og:site_name\" content=\"Beauty Union Cosmetics | Kosmetyki do makija\u017cu\" \/>\n<meta property=\"article:modified_time\" content=\"2026-02-22T19:26:54+00:00\" \/>\n<meta property=\"og:image\" content=\"https:\/\/beauty-union.com\/wp-content\/uploads\/2023\/10\/bb-gabeczka-beauty-blender-beauty-uniion-1-scaled.jpg\" \/>\n\t<meta property=\"og:image:width\" content=\"1710\" \/>\n\t<meta property=\"og:image:height\" content=\"2560\" \/>\n\t<meta property=\"og:image:type\" content=\"image\/jpeg\" \/>\n<meta name=\"twitter:card\" content=\"summary_large_image\" \/>\n<script type=\"application\/ld+json\" class=\"yoast-schema-graph\">{\"@context\":\"https:\/\/schema.org\",\"@graph\":[{\"@type\":\"WebPage\",\"@id\":\"https:\/\/beauty-union.com\/pl\/produkt\/gabeczka-beauty-blender\/\",\"url\":\"https:\/\/beauty-union.com\/pl\/produkt\/gabeczka-beauty-blender\/\",\"name\":\"G\u0105beczka - Beauty Blender - Makija\u017c Twarzy - Beauty-Union\",\"isPartOf\":{\"@id\":\"https:\/\/beauty-union.com\/#website\"},\"datePublished\":\"2023-10-13T17:45:32+00:00\",\"dateModified\":\"2026-02-22T19:26:54+00:00\",\"description\":\"Beauty Blender\u2714\ufe0f W naszym sklepie znajdziesz akcesoria do makija\u017cu, beauty blender do nak\u0142adaniu podk\u0142adu\u2714\ufe0fKorzystna cena \u2714\ufe0fMakija\u017c twarzy \u2b50 Sprawd\u017a nasz\u0105 ofert\u0119!\",\"breadcrumb\":{\"@id\":\"https:\/\/beauty-union.com\/pl\/produkt\/gabeczka-beauty-blender\/#breadcrumb\"},\"inLanguage\":\"pl-PL\",\"potentialAction\":[{\"@type\":\"ReadAction\",\"target\":[\"https:\/\/beauty-union.com\/pl\/produkt\/gabeczka-beauty-blender\/\"]}]},{\"@type\":\"BreadcrumbList\",\"@id\":\"https:\/\/beauty-union.com\/pl\/produkt\/gabeczka-beauty-blender\/#breadcrumb\",\"itemListElement\":[{\"@type\":\"ListItem\",\"position\":1,\"name\":\"Home\",\"item\":\"https:\/\/beauty-union.com\/pl\/\"},{\"@type\":\"ListItem\",\"position\":2,\"name\":\"Sklep\",\"item\":\"https:\/\/beauty-union.com\/pl\/shop\/\"},{\"@type\":\"ListItem\",\"position\":3,\"name\":\"G\u0105bka do makija\u017cu Beauty Union Sponge Black\"}]},{\"@type\":\"WebSite\",\"@id\":\"https:\/\/beauty-union.com\/#website\",\"url\":\"https:\/\/beauty-union.com\/\",\"name\":\"Beauty Union Cosmetics | Kosmetyki do makija\u017cu\",\"description\":\"\",\"publisher\":{\"@id\":\"https:\/\/beauty-union.com\/#organization\"},\"potentialAction\":[{\"@type\":\"SearchAction\",\"target\":{\"@type\":\"EntryPoint\",\"urlTemplate\":\"https:\/\/beauty-union.com\/?s={search_term_string}\"},\"query-input\":\"required name=search_term_string\"}],\"inLanguage\":\"pl-PL\"},{\"@type\":\"Organization\",\"@id\":\"https:\/\/beauty-union.com\/#organization\",\"name\":\"Beauty Union Cosmetics | Kosmetyki do makija\u017cu\",\"url\":\"https:\/\/beauty-union.com\/\",\"logo\":{\"@type\":\"ImageObject\",\"inLanguage\":\"pl-PL\",\"@id\":\"https:\/\/beauty-union.com\/#\/schema\/logo\/image\/\",\"url\":\"https:\/\/beauty-union.com\/wp-content\/uploads\/2022\/03\/logo@3x.jpeg\",\"contentUrl\":\"https:\/\/beauty-union.com\/wp-content\/uploads\/2022\/03\/logo@3x.jpeg\",\"width\":720,\"height\":285,\"caption\":\"Beauty Union Cosmetics | Kosmetyki do makija\u017cu\"},\"image\":{\"@id\":\"https:\/\/beauty-union.com\/#\/schema\/logo\/image\/\"}}]}<\/script>\n<!-- \/ Yoast SEO plugin. -->","yoast_head_json":{"title":"G\u0105beczka - Beauty Blender - Makija\u017c Twarzy - Beauty-Union","description":"Beauty Blender\u2714\ufe0f W naszym sklepie znajdziesz akcesoria do makija\u017cu, beauty blender do nak\u0142adaniu podk\u0142adu\u2714\ufe0fKorzystna cena \u2714\ufe0fMakija\u017c twarzy \u2b50 Sprawd\u017a nasz\u0105 ofert\u0119!","robots":{"index":"index","follow":"follow","max-snippet":"max-snippet:-1","max-image-preview":"max-image-preview:large","max-video-preview":"max-video-preview:-1"},"canonical":"https:\/\/beauty-union.com\/pl\/produkt\/gabeczka-beauty-blender\/","og_locale":"pl_PL","og_type":"article","og_title":"G\u0105beczka - Beauty Blender - Makija\u017c Twarzy - Beauty-Union","og_description":"Beauty Blender\u2714\ufe0f W naszym sklepie znajdziesz akcesoria do makija\u017cu, beauty blender do nak\u0142adaniu podk\u0142adu\u2714\ufe0fKorzystna cena \u2714\ufe0fMakija\u017c twarzy \u2b50 Sprawd\u017a nasz\u0105 ofert\u0119!","og_url":"https:\/\/beauty-union.com\/pl\/produkt\/gabeczka-beauty-blender\/","og_site_name":"Beauty Union Cosmetics | Kosmetyki do makija\u017cu","article_modified_time":"2026-02-22T19:26:54+00:00","og_image":[{"width":1710,"height":2560,"url":"https:\/\/beauty-union.com\/wp-content\/uploads\/2023\/10\/bb-gabeczka-beauty-blender-beauty-uniion-1-scaled.jpg","type":"image\/jpeg"}],"twitter_card":"summary_large_image","schema":{"@context":"https:\/\/schema.org","@graph":[{"@type":"WebPage","@id":"https:\/\/beauty-union.com\/pl\/produkt\/gabeczka-beauty-blender\/","url":"https:\/\/beauty-union.com\/pl\/produkt\/gabeczka-beauty-blender\/","name":"G\u0105beczka - Beauty Blender - Makija\u017c Twarzy - Beauty-Union","isPartOf":{"@id":"https:\/\/beauty-union.com\/#website"},"datePublished":"2023-10-13T17:45:32+00:00","dateModified":"2026-02-22T19:26:54+00:00","description":"Beauty Blender\u2714\ufe0f W naszym sklepie znajdziesz akcesoria do makija\u017cu, beauty blender do nak\u0142adaniu podk\u0142adu\u2714\ufe0fKorzystna cena \u2714\ufe0fMakija\u017c twarzy \u2b50 Sprawd\u017a nasz\u0105 ofert\u0119!","breadcrumb":{"@id":"https:\/\/beauty-union.com\/pl\/produkt\/gabeczka-beauty-blender\/#breadcrumb"},"inLanguage":"pl-PL","potentialAction":[{"@type":"ReadAction","target":["https:\/\/beauty-union.com\/pl\/produkt\/gabeczka-beauty-blender\/"]}]},{"@type":"BreadcrumbList","@id":"https:\/\/beauty-union.com\/pl\/produkt\/gabeczka-beauty-blender\/#breadcrumb","itemListElement":[{"@type":"ListItem","position":1,"name":"Home","item":"https:\/\/beauty-union.com\/pl\/"},{"@type":"ListItem","position":2,"name":"Sklep","item":"https:\/\/beauty-union.com\/pl\/shop\/"},{"@type":"ListItem","position":3,"name":"G\u0105bka do makija\u017cu Beauty Union Sponge Black"}]},{"@type":"WebSite","@id":"https:\/\/beauty-union.com\/#website","url":"https:\/\/beauty-union.com\/","name":"Beauty Union Cosmetics | Kosmetyki do makija\u017cu","description":"","publisher":{"@id":"https:\/\/beauty-union.com\/#organization"},"potentialAction":[{"@type":"SearchAction","target":{"@type":"EntryPoint","urlTemplate":"https:\/\/beauty-union.com\/?s={search_term_string}"},"query-input":"required name=search_term_string"}],"inLanguage":"pl-PL"},{"@type":"Organization","@id":"https:\/\/beauty-union.com\/#organization","name":"Beauty Union Cosmetics | Kosmetyki do makija\u017cu","url":"https:\/\/beauty-union.com\/","logo":{"@type":"ImageObject","inLanguage":"pl-PL","@id":"https:\/\/beauty-union.com\/#\/schema\/logo\/image\/","url":"https:\/\/beauty-union.com\/wp-content\/uploads\/2022\/03\/logo@3x.jpeg","contentUrl":"https:\/\/beauty-union.com\/wp-content\/uploads\/2022\/03\/logo@3x.jpeg","width":720,"height":285,"caption":"Beauty Union Cosmetics | Kosmetyki do makija\u017cu"},"image":{"@id":"https:\/\/beauty-union.com\/#\/schema\/logo\/image\/"}}]}},"taxonomy_info":{"product_cat":[{"value":46,"label":"Twarz"}],"product_tag":[{"value":50,"label":"g\u0105beczka do podk\u0142adu"},{"value":53,"label":"sponge for makeup"}]},"featured_image_src_large":["https:\/\/beauty-union.com\/wp-content\/uploads\/2023\/10\/bb-gabeczka-beauty-blender-beauty-uniion-1-684x1024.jpg",684,1024,true],"author_info":[],"comment_info":"","_links":{"self":[{"href":"https:\/\/beauty-union.com\/pl\/wp-json\/wp\/v2\/product\/3274","targetHints":{"allow":["GET"]}}],"collection":[{"href":"https:\/\/beauty-union.com\/pl\/wp-json\/wp\/v2\/product"}],"about":[{"href":"https:\/\/beauty-union.com\/pl\/wp-json\/wp\/v2\/types\/product"}],"wp:featuredmedia":[{"embeddable":true,"href":"https:\/\/beauty-union.com\/pl\/wp-json\/wp\/v2\/media\/3280"}],"wp:attachment":[{"href":"https:\/\/beauty-union.com\/pl\/wp-json\/wp\/v2\/media?parent=3274"}],"wp:term":[{"taxonomy":"product_cat","embeddable":true,"href":"https:\/\/beauty-union.com\/pl\/wp-json\/wp\/v2\/product_cat?post=3274"},{"taxonomy":"product_tag","embeddable":true,"href":"https:\/\/beauty-union.com\/pl\/wp-json\/wp\/v2\/product_tag?post=3274"}],"curies":[{"name":"wp","href":"https:\/\/api.w.org\/{rel}","templated":true}]}}