{"id":9,"date":"2021-11-09T15:18:43","date_gmt":"2021-11-09T14:18:43","guid":{"rendered":"http:\/\/beauty-union.com\/moje-konto\/"},"modified":"2022-04-28T17:33:13","modified_gmt":"2022-04-28T15:33:13","slug":"my-account","status":"publish","type":"page","link":"https:\/\/beauty-union.com\/pl\/my-account\/","title":{"rendered":"Moje Konto"},"content":{"rendered":"<style>#kt-layout-id_f22410-4a > .kt-row-column-wrap{align-content:center;}:where(#kt-layout-id_f22410-4a > .kt-row-column-wrap) > .wp-block-kadence-column{justify-content:center;}#kt-layout-id_f22410-4a > .kt-row-column-wrap{column-gap:var(--global-kb-gap-md, 2rem);row-gap:var(--global-kb-gap-md, 2rem);padding-top:var( --global-kb-row-default-top, 25px );padding-bottom:var( --global-kb-row-default-bottom, 25px );padding-top:var(--global-kb-spacing-sm, 1.5rem);padding-bottom:var(--global-kb-spacing-sm, 1.5rem);grid-template-columns:minmax(0, 1fr);}#kt-layout-id_f22410-4a > .kt-row-layout-overlay{opacity:0.30;}@media all and (max-width: 1024px){#kt-layout-id_f22410-4a > .kt-row-column-wrap{grid-template-columns:minmax(0, 1fr);}}@media all and (max-width: 767px){#kt-layout-id_f22410-4a > .kt-row-column-wrap{grid-template-columns:minmax(0, 1fr);}}<\/style>\n<div class=\"wp-block-kadence-rowlayout alignnone\"><div id=\"kt-layout-id_f22410-4a\" class=\"kt-row-layout-inner kt-layout-id_f22410-4a\"><div class=\"kt-row-column-wrap kt-has-1-columns kt-gutter-default kt-v-gutter-default kt-row-valign-middle kt-row-layout-equal kt-tab-layout-inherit kt-m-colapse-left-to-right kt-mobile-layout-row\"><style>.kadence-column_66caf9-4d > .kt-inside-inner-col{border-top-width:0px;border-right-width:0px;border-bottom-width:0px;border-left-width:0px;}.kadence-column_66caf9-4d > .kt-inside-inner-col,.kadence-column_66caf9-4d > .kt-inside-inner-col:before{border-top-left-radius:0px;border-top-right-radius:0px;border-bottom-right-radius:0px;border-bottom-left-radius:0px;}.kadence-column_66caf9-4d > .kt-inside-inner-col:before{opacity:0.3;}.kadence-column_66caf9-4d{position:relative;}<\/style>\n<div class=\"wp-block-kadence-column inner-column-1 kadence-column_66caf9-4d\"><div class=\"kt-inside-inner-col\"><style>.wp-block-kadence-advancedheading.kt-adv-heading_fdc057-fb, .wp-block-kadence-advancedheading.kt-adv-heading_fdc057-fb[data-kb-block=\"kb-adv-heading_fdc057-fb\"]{text-align:center;font-size:18px;font-style:normal;text-transform:none;}.wp-block-kadence-advancedheading.kt-adv-heading_fdc057-fb mark, .wp-block-kadence-advancedheading.kt-adv-heading_fdc057-fb[data-kb-block=\"kb-adv-heading_fdc057-fb\"] mark{font-style:normal;color:#f76a0c;padding-top:0px;padding-right:0px;padding-bottom:0px;padding-left:0px;}@media all and (max-width: 767px){.wp-block-kadence-advancedheading.kt-adv-heading_fdc057-fb, .wp-block-kadence-advancedheading.kt-adv-heading_fdc057-fb[data-kb-block=\"kb-adv-heading_fdc057-fb\"]{font-size:14px;}}<\/style>\n<h2 class=\"kt-adv-heading_fdc057-fb wp-block-kadence-advancedheading\" data-kb-block=\"kb-adv-heading_fdc057-fb\">Dzi\u0119kujemy za za\u0142o\u017cenie konta<\/h2>\n<\/div><\/div>\n<\/div><\/div><\/div>\n\n\n<div class=\"woocommerce\"><\/div>\n","protected":false},"excerpt":{"rendered":"<p>Dzi\u0119kujemy za za\u0142o\u017cenie konta<\/p>\n","protected":false},"author":2,"featured_media":0,"parent":0,"menu_order":0,"comment_status":"closed","ping_status":"closed","template":"","meta":{"_kad_blocks_custom_css":".woocommerce form.login, .woocommerce form.checkout_coupon, .woocommerce form.register {\n  padding-right: 10px;\n  padding-left: 10px;\n}\n\ndiv.woocommerce-address-fields p button.button {\n  margin-top: 12px;\n}\np.woocommerce-form-row.form-row {\n  margin-top: 10px;\n}","_kad_blocks_head_custom_js":"","_kad_blocks_body_custom_js":"","_kad_blocks_footer_custom_js":"","_kad_post_transparent":"","_kad_post_title":"","_kad_post_layout":"","_kad_post_sidebar_id":"","_kad_post_content_style":"","_kad_post_vertical_padding":"","_kad_post_feature":"","_kad_post_feature_position":"","_kad_post_header":false,"_kad_post_footer":false,"footnotes":""},"class_list":["post-9","page","type-page","status-publish","hentry"],"acf":[],"yoast_head":"<!-- This site is optimized with the Yoast SEO plugin v19.14 - https:\/\/yoast.com\/wordpress\/plugins\/seo\/ -->\n<title>Moje Konto - Beauty-Union<\/title>\n<meta name=\"description\" content=\"Moje Konto \u27a4 Beauty-Union \u2714\ufe0f Kosmetyki do malowania twarzy i oczu \u2714\ufe0f Zam\u00f3w ONLINE w najlepszej cenie! \u2714\ufe0f Zapraszamy!\" \/>\n<meta name=\"robots\" content=\"index, follow, max-snippet:-1, max-image-preview:large, max-video-preview:-1\" \/>\n<link rel=\"canonical\" href=\"https:\/\/beauty-union.com\/pl\/my-account\/\" \/>\n<meta property=\"og:locale\" content=\"pl_PL\" \/>\n<meta property=\"og:type\" content=\"article\" \/>\n<meta property=\"og:title\" content=\"Moje Konto - Beauty-Union\" \/>\n<meta property=\"og:description\" content=\"Moje Konto \u27a4 Beauty-Union \u2714\ufe0f Kosmetyki do malowania twarzy i oczu \u2714\ufe0f Zam\u00f3w ONLINE w najlepszej cenie! \u2714\ufe0f Zapraszamy!\" \/>\n<meta property=\"og:url\" content=\"https:\/\/beauty-union.com\/pl\/my-account\/\" \/>\n<meta property=\"og:site_name\" content=\"Beauty Union Cosmetics | Kosmetyki do makija\u017cu\" \/>\n<meta property=\"article:modified_time\" content=\"2022-04-28T15:33:13+00:00\" \/>\n<meta name=\"twitter:card\" content=\"summary_large_image\" \/>\n<script type=\"application\/ld+json\" class=\"yoast-schema-graph\">{\"@context\":\"https:\/\/schema.org\",\"@graph\":[{\"@type\":\"WebPage\",\"@id\":\"https:\/\/beauty-union.com\/pl\/my-account\/\",\"url\":\"https:\/\/beauty-union.com\/pl\/my-account\/\",\"name\":\"Moje Konto - Beauty-Union\",\"isPartOf\":{\"@id\":\"https:\/\/beauty-union.com\/#website\"},\"datePublished\":\"2021-11-09T14:18:43+00:00\",\"dateModified\":\"2022-04-28T15:33:13+00:00\",\"description\":\"Moje Konto \u27a4 Beauty-Union \u2714\ufe0f Kosmetyki do malowania twarzy i oczu \u2714\ufe0f Zam\u00f3w ONLINE w najlepszej cenie! \u2714\ufe0f Zapraszamy!\",\"breadcrumb\":{\"@id\":\"https:\/\/beauty-union.com\/pl\/my-account\/#breadcrumb\"},\"inLanguage\":\"pl-PL\",\"potentialAction\":[{\"@type\":\"ReadAction\",\"target\":[\"https:\/\/beauty-union.com\/pl\/my-account\/\"]}]},{\"@type\":\"BreadcrumbList\",\"@id\":\"https:\/\/beauty-union.com\/pl\/my-account\/#breadcrumb\",\"itemListElement\":[{\"@type\":\"ListItem\",\"position\":1,\"name\":\"Home\",\"item\":\"https:\/\/beauty-union.com\/pl\/\"},{\"@type\":\"ListItem\",\"position\":2,\"name\":\"Moje Konto\"}]},{\"@type\":\"WebSite\",\"@id\":\"https:\/\/beauty-union.com\/#website\",\"url\":\"https:\/\/beauty-union.com\/\",\"name\":\"Beauty Union Cosmetics | Kosmetyki do makija\u017cu\",\"description\":\"\",\"publisher\":{\"@id\":\"https:\/\/beauty-union.com\/#organization\"},\"potentialAction\":[{\"@type\":\"SearchAction\",\"target\":{\"@type\":\"EntryPoint\",\"urlTemplate\":\"https:\/\/beauty-union.com\/?s={search_term_string}\"},\"query-input\":\"required name=search_term_string\"}],\"inLanguage\":\"pl-PL\"},{\"@type\":\"Organization\",\"@id\":\"https:\/\/beauty-union.com\/#organization\",\"name\":\"Beauty Union Cosmetics | Kosmetyki do makija\u017cu\",\"url\":\"https:\/\/beauty-union.com\/\",\"logo\":{\"@type\":\"ImageObject\",\"inLanguage\":\"pl-PL\",\"@id\":\"https:\/\/beauty-union.com\/#\/schema\/logo\/image\/\",\"url\":\"https:\/\/beauty-union.com\/wp-content\/uploads\/2022\/03\/logo@3x.jpeg\",\"contentUrl\":\"https:\/\/beauty-union.com\/wp-content\/uploads\/2022\/03\/logo@3x.jpeg\",\"width\":720,\"height\":285,\"caption\":\"Beauty Union Cosmetics | Kosmetyki do makija\u017cu\"},\"image\":{\"@id\":\"https:\/\/beauty-union.com\/#\/schema\/logo\/image\/\"}}]}<\/script>\n<!-- \/ Yoast SEO plugin. -->","yoast_head_json":{"title":"Moje Konto - Beauty-Union","description":"Moje Konto \u27a4 Beauty-Union \u2714\ufe0f Kosmetyki do malowania twarzy i oczu \u2714\ufe0f Zam\u00f3w ONLINE w najlepszej cenie! \u2714\ufe0f Zapraszamy!","robots":{"index":"index","follow":"follow","max-snippet":"max-snippet:-1","max-image-preview":"max-image-preview:large","max-video-preview":"max-video-preview:-1"},"canonical":"https:\/\/beauty-union.com\/pl\/my-account\/","og_locale":"pl_PL","og_type":"article","og_title":"Moje Konto - Beauty-Union","og_description":"Moje Konto \u27a4 Beauty-Union \u2714\ufe0f Kosmetyki do malowania twarzy i oczu \u2714\ufe0f Zam\u00f3w ONLINE w najlepszej cenie! \u2714\ufe0f Zapraszamy!","og_url":"https:\/\/beauty-union.com\/pl\/my-account\/","og_site_name":"Beauty Union Cosmetics | Kosmetyki do makija\u017cu","article_modified_time":"2022-04-28T15:33:13+00:00","twitter_card":"summary_large_image","schema":{"@context":"https:\/\/schema.org","@graph":[{"@type":"WebPage","@id":"https:\/\/beauty-union.com\/pl\/my-account\/","url":"https:\/\/beauty-union.com\/pl\/my-account\/","name":"Moje Konto - Beauty-Union","isPartOf":{"@id":"https:\/\/beauty-union.com\/#website"},"datePublished":"2021-11-09T14:18:43+00:00","dateModified":"2022-04-28T15:33:13+00:00","description":"Moje Konto \u27a4 Beauty-Union \u2714\ufe0f Kosmetyki do malowania twarzy i oczu \u2714\ufe0f Zam\u00f3w ONLINE w najlepszej cenie! \u2714\ufe0f Zapraszamy!","breadcrumb":{"@id":"https:\/\/beauty-union.com\/pl\/my-account\/#breadcrumb"},"inLanguage":"pl-PL","potentialAction":[{"@type":"ReadAction","target":["https:\/\/beauty-union.com\/pl\/my-account\/"]}]},{"@type":"BreadcrumbList","@id":"https:\/\/beauty-union.com\/pl\/my-account\/#breadcrumb","itemListElement":[{"@type":"ListItem","position":1,"name":"Home","item":"https:\/\/beauty-union.com\/pl\/"},{"@type":"ListItem","position":2,"name":"Moje Konto"}]},{"@type":"WebSite","@id":"https:\/\/beauty-union.com\/#website","url":"https:\/\/beauty-union.com\/","name":"Beauty Union Cosmetics | Kosmetyki do makija\u017cu","description":"","publisher":{"@id":"https:\/\/beauty-union.com\/#organization"},"potentialAction":[{"@type":"SearchAction","target":{"@type":"EntryPoint","urlTemplate":"https:\/\/beauty-union.com\/?s={search_term_string}"},"query-input":"required name=search_term_string"}],"inLanguage":"pl-PL"},{"@type":"Organization","@id":"https:\/\/beauty-union.com\/#organization","name":"Beauty Union Cosmetics | Kosmetyki do makija\u017cu","url":"https:\/\/beauty-union.com\/","logo":{"@type":"ImageObject","inLanguage":"pl-PL","@id":"https:\/\/beauty-union.com\/#\/schema\/logo\/image\/","url":"https:\/\/beauty-union.com\/wp-content\/uploads\/2022\/03\/logo@3x.jpeg","contentUrl":"https:\/\/beauty-union.com\/wp-content\/uploads\/2022\/03\/logo@3x.jpeg","width":720,"height":285,"caption":"Beauty Union Cosmetics | Kosmetyki do makija\u017cu"},"image":{"@id":"https:\/\/beauty-union.com\/#\/schema\/logo\/image\/"}}]}},"taxonomy_info":[],"featured_image_src_large":false,"author_info":{"display_name":"Alan Antolik","author_link":"https:\/\/beauty-union.com\/pl\/author\/alan\/"},"comment_info":0,"_links":{"self":[{"href":"https:\/\/beauty-union.com\/pl\/wp-json\/wp\/v2\/pages\/9","targetHints":{"allow":["GET"]}}],"collection":[{"href":"https:\/\/beauty-union.com\/pl\/wp-json\/wp\/v2\/pages"}],"about":[{"href":"https:\/\/beauty-union.com\/pl\/wp-json\/wp\/v2\/types\/page"}],"author":[{"embeddable":true,"href":"https:\/\/beauty-union.com\/pl\/wp-json\/wp\/v2\/users\/2"}],"replies":[{"embeddable":true,"href":"https:\/\/beauty-union.com\/pl\/wp-json\/wp\/v2\/comments?post=9"}],"version-history":[{"count":4,"href":"https:\/\/beauty-union.com\/pl\/wp-json\/wp\/v2\/pages\/9\/revisions"}],"predecessor-version":[{"id":2624,"href":"https:\/\/beauty-union.com\/pl\/wp-json\/wp\/v2\/pages\/9\/revisions\/2624"}],"wp:attachment":[{"href":"https:\/\/beauty-union.com\/pl\/wp-json\/wp\/v2\/media?parent=9"}],"curies":[{"name":"wp","href":"https:\/\/api.w.org\/{rel}","templated":true}]}}